{"id":128,"date":"2017-02-16T12:42:59","date_gmt":"2017-02-16T11:42:59","guid":{"rendered":"https:\/\/gallicare.de\/tap2\/tap2\/?page_id=128"},"modified":"2025-08-25T07:35:03","modified_gmt":"2025-08-25T05:35:03","slug":"tierphysiotherapie","status":"publish","type":"page","link":"https:\/\/www.tierarztpraxis-todte.de\/index.php\/tierphysiotherapie\/","title":{"rendered":"Tierphysiotherapie"},"content":{"rendered":"\n<div class=\"wp-block-columns is-layout-flex wp-container-core-columns-is-layout-1 wp-block-columns-is-layout-flex\">\n<div class=\"wp-block-column is-layout-flow wp-block-column-is-layout-flow\" style=\"flex-basis:60%\">\n<p>Eine Vielzahl von Erkrankungen kann durch Tierphysiotherapie effektiv behandelt werden und stellt somit eine sinnvolle Erg\u00e4nzung zur Tiermedizin dar. Besonders in den Bereichen Schmerzlinderung, Durchblutungsf\u00f6rderung, Stoffwechselanregung sowie Muskelentspannung und -aufbau werden hervorragende Ergebnisse erzielt. Dies gilt sowohl f\u00fcr pr\u00e4ventive Ma\u00dfnahmen als auch f\u00fcr die Rehabilitation.<\/p>\n<\/div>\n\n\n\n<div class=\"wp-block-column is-layout-flow wp-block-column-is-layout-flow\"><div class=\"wp-block-image\">\n<figure class=\"aligncenter size-large is-resized\"><img loading=\"lazy\" decoding=\"async\" width=\"717\" height=\"1024\" src=\"https:\/\/www.tierarztpraxis-todte.de\/wp-content\/uploads\/2024\/06\/Tina2-717x1024.jpg\" alt=\"\" class=\"wp-image-314\" style=\"aspect-ratio:1.3333333333333333;object-fit:contain;width:313px;height:auto\" title=\"\" srcset=\"https:\/\/www.tierarztpraxis-todte.de\/wp-content\/uploads\/2024\/06\/Tina2-717x1024.jpg 717w, https:\/\/www.tierarztpraxis-todte.de\/wp-content\/uploads\/2024\/06\/Tina2-210x300.jpg 210w, https:\/\/www.tierarztpraxis-todte.de\/wp-content\/uploads\/2024\/06\/Tina2-768x1096.jpg 768w, https:\/\/www.tierarztpraxis-todte.de\/wp-content\/uploads\/2024\/06\/Tina2-1076x1536.jpg 1076w, https:\/\/www.tierarztpraxis-todte.de\/wp-content\/uploads\/2024\/06\/Tina2-1435x2048.jpg 1435w, https:\/\/www.tierarztpraxis-todte.de\/wp-content\/uploads\/2024\/06\/Tina2-960x1370.jpg 960w, https:\/\/www.tierarztpraxis-todte.de\/wp-content\/uploads\/2024\/06\/Tina2-scaled.jpg 1794w\" sizes=\"(max-width: 717px) 100vw, 717px\" \/><\/figure><\/div>\n\n\n<p class=\"has-text-align-center\"><strong>Physiotherapeutin<\/strong> <strong>Stefanie Falke<\/strong><\/p>\n<\/div>\n<\/div>\n\n\n\n<h2 class=\"wp-block-heading\"><strong>Unser Angebot:<\/strong><\/h2>\n\n\n\n<div class=\"wp-block-columns is-layout-flex wp-container-core-columns-is-layout-2 wp-block-columns-is-layout-flex\">\n<div class=\"wp-block-column is-layout-flow wp-block-column-is-layout-flow\" style=\"flex-basis:60%\">\n<ul>\n<li>Massagen<\/li>\n\n\n\n<li>gezielte Lockerung von verspannten Muskelpartien<\/li>\n\n\n\n<li>Lymphdrainage<\/li>\n\n\n\n<li>Bewegungstherapie<\/li>\n\n\n\n<li>Unterwassertherapie im Unterwaserlaufband<\/li>\n\n\n\n<li>aktive und passive Krankengymnastik<\/li>\n\n\n\n<li>K\u00e4lte- und W\u00e4rmetherapie<\/li>\n\n\n\n<li>unterst\u00fctzende Therapie durch Blutegel<\/li>\n\n\n\n<li>... und vieles mehr<\/li>\n<\/ul>\n<\/div>\n\n\n\n<div class=\"wp-block-column is-layout-flow wp-block-column-is-layout-flow\">\n<p class=\"has-text-align-center\"><\/p>\n<\/div>\n<\/div>\n","protected":false},"excerpt":{"rendered":"<p>Eine Vielzahl von Erkrankungen kann durch Tierphysiotherapie effektiv behandelt werden und stellt somit eine sinnvolle Erg\u00e4nzung zur Tiermedizin dar. Besonders in den Bereichen Schmerzlinderung, Durchblutungsf\u00f6rderung, Stoffwechselanregung sowie Muskelentspannung und -aufbau werden hervorragende Ergebnisse erzielt. Dies gilt sowohl f\u00fcr pr\u00e4ventive Ma\u00dfnahmen als auch f\u00fcr die Rehabilitation. Physiotherapeutin Stefanie Falke Unser Angebot:<\/p>\n","protected":false},"author":2,"featured_media":0,"parent":0,"menu_order":0,"comment_status":"closed","ping_status":"closed","template":"page-templates\/full-width.php","meta":{"footnotes":""},"_links":{"self":[{"href":"https:\/\/www.tierarztpraxis-todte.de\/index.php\/wp-json\/wp\/v2\/pages\/128"}],"collection":[{"href":"https:\/\/www.tierarztpraxis-todte.de\/index.php\/wp-json\/wp\/v2\/pages"}],"about":[{"href":"https:\/\/www.tierarztpraxis-todte.de\/index.php\/wp-json\/wp\/v2\/types\/page"}],"author":[{"embeddable":true,"href":"https:\/\/www.tierarztpraxis-todte.de\/index.php\/wp-json\/wp\/v2\/users\/2"}],"replies":[{"embeddable":true,"href":"https:\/\/www.tierarztpraxis-todte.de\/index.php\/wp-json\/wp\/v2\/comments?post=128"}],"version-history":[{"count":28,"href":"https:\/\/www.tierarztpraxis-todte.de\/index.php\/wp-json\/wp\/v2\/pages\/128\/revisions"}],"predecessor-version":[{"id":428,"href":"https:\/\/www.tierarztpraxis-todte.de\/index.php\/wp-json\/wp\/v2\/pages\/128\/revisions\/428"}],"wp:attachment":[{"href":"https:\/\/www.tierarztpraxis-todte.de\/index.php\/wp-json\/wp\/v2\/media?parent=128"}],"curies":[{"name":"wp","href":"https:\/\/api.w.org\/{rel}","templated":true}]}}