{"id":13,"date":"2017-02-12T19:21:46","date_gmt":"2017-02-12T18:21:46","guid":{"rendered":"https:\/\/gallicare.de\/tap2\/tap2\/?page_id=13"},"modified":"2025-02-07T15:16:55","modified_gmt":"2025-02-07T14:16:55","slug":"herzlich-willkommen-auf-unserer-homepage","status":"publish","type":"page","link":"https:\/\/www.tierarztpraxis-todte.de\/","title":{"rendered":"Herzlich Willkommen auf unserer Webseite!"},"content":{"rendered":"\n<figure class=\"wp-block-image size-large is-resized\"><img loading=\"lazy\" decoding=\"async\" width=\"1024\" height=\"725\" src=\"https:\/\/www.tierarztpraxis-todte.de\/wp-content\/uploads\/2024\/06\/Gruppe-Ausschnitt-1024x725.jpg\" alt=\"\" class=\"wp-image-265\" style=\"width:836px;height:auto\" srcset=\"https:\/\/www.tierarztpraxis-todte.de\/wp-content\/uploads\/2024\/06\/Gruppe-Ausschnitt-1024x725.jpg 1024w, https:\/\/www.tierarztpraxis-todte.de\/wp-content\/uploads\/2024\/06\/Gruppe-Ausschnitt-300x212.jpg 300w, https:\/\/www.tierarztpraxis-todte.de\/wp-content\/uploads\/2024\/06\/Gruppe-Ausschnitt-768x544.jpg 768w, https:\/\/www.tierarztpraxis-todte.de\/wp-content\/uploads\/2024\/06\/Gruppe-Ausschnitt-1536x1088.jpg 1536w, https:\/\/www.tierarztpraxis-todte.de\/wp-content\/uploads\/2024\/06\/Gruppe-Ausschnitt-2048x1451.jpg 2048w, https:\/\/www.tierarztpraxis-todte.de\/wp-content\/uploads\/2024\/06\/Gruppe-Ausschnitt-960x680.jpg 960w\" sizes=\"(max-width: 1024px) 100vw, 1024px\" \/><\/figure>\n\n\n\n<p><strong>Die Gesundheit und das Wohlbefinden Ihres Tieres stehen bei uns an erster Stelle.<\/strong> Unser junges, engagiertes Team bietet Ihnen Tiermedizin auf dem neusten Stand der Wissenschaft in den Bereichen Diagnostik, Vorsorge, Beratung, Zahnbehandlung und Tierphysiotherapie.<\/p>\n\n\n\n<div class=\"wp-block-columns is-layout-flex wp-container-core-columns-is-layout-1 wp-block-columns-is-layout-flex\">\n<div class=\"wp-block-column is-vertically-aligned-top is-layout-flow wp-block-column-is-layout-flow\" style=\"flex-basis:100%\"><div class=\"wp-block-image\">\n<figure class=\"alignleft size-full is-resized\"><img loading=\"lazy\" decoding=\"async\" width=\"225\" height=\"225\" src=\"https:\/\/www.tierarztpraxis-todte.de\/wp-content\/uploads\/2025\/02\/Parkplatz.png\" alt=\"\" class=\"wp-image-402\" style=\"width:45px;height:auto\" srcset=\"https:\/\/www.tierarztpraxis-todte.de\/wp-content\/uploads\/2025\/02\/Parkplatz.png 225w, https:\/\/www.tierarztpraxis-todte.de\/wp-content\/uploads\/2025\/02\/Parkplatz-150x150.png 150w\" sizes=\"(max-width: 225px) 100vw, 225px\" \/><\/figure><\/div>\n\n\n<p class=\"has-text-align-left\"><strong>Gerne k\u00f6nnen Sie unsere Parkpl\u00e4tze gegen\u00fcber der Praxis nutzen.<\/strong><\/p>\n<\/div>\n<\/div>\n\n\n\n<div class=\"wp-block-columns are-vertically-aligned-top is-layout-flex wp-container-core-columns-is-layout-2 wp-block-columns-is-layout-flex\">\n<div class=\"wp-block-column is-vertically-aligned-top is-layout-flow wp-block-column-is-layout-flow\">\n<a href=\"https:\/\/app.petsxl.com\/#\/signin\/appointment-registration-start\/10f3450f-89ff-4328-bae8-bf8a1642ef88\" target=\"_blank\" rel=\"noopener\">\n            <img decoding=\"async\" style=\"max-width:100%;height:auto;\"                 alt=\"Terminvereinbarung \u00fcber petsXL\"\n                 srcset=\"https:\/\/app.petsxl.com\/assets\/appointment-snippet\/v2\/inverted\/de-DE.png 1x, https:\/\/app.petsxl.com\/assets\/appointment-snippet\/v2\/inverted\/de-DE@2x.png 2x\"                  \t\t src=\"https:\/\/app.petsxl.com\/assets\/appointment-snippet\/v2\/inverted\/de-DE.png\">\n        <\/a>\n<\/div>\n\n\n\n<div class=\"wp-block-column is-vertically-aligned-top is-layout-flow wp-block-column-is-layout-flow\"><div class=\"wp-block-image\">\n<figure class=\"aligncenter size-large is-resized\"><a href=\"https:\/\/www.hills4me.de\/users\/sign_up?user_type=pet_parent&amp;commit=Next&amp;retail_organization_id= tp02017\"><img loading=\"lazy\" decoding=\"async\" width=\"791\" height=\"1024\" src=\"https:\/\/www.tierarztpraxis-todte.de\/wp-content\/uploads\/2025\/02\/Hills-Partner-Logo_Shop-1-791x1024.png\" alt=\"\" class=\"wp-image-387\" style=\"width:76px;height:auto\" srcset=\"https:\/\/www.tierarztpraxis-todte.de\/wp-content\/uploads\/2025\/02\/Hills-Partner-Logo_Shop-1-791x1024.png 791w, https:\/\/www.tierarztpraxis-todte.de\/wp-content\/uploads\/2025\/02\/Hills-Partner-Logo_Shop-1-232x300.png 232w, https:\/\/www.tierarztpraxis-todte.de\/wp-content\/uploads\/2025\/02\/Hills-Partner-Logo_Shop-1-768x994.png 768w, https:\/\/www.tierarztpraxis-todte.de\/wp-content\/uploads\/2025\/02\/Hills-Partner-Logo_Shop-1-1187x1536.png 1187w, https:\/\/www.tierarztpraxis-todte.de\/wp-content\/uploads\/2025\/02\/Hills-Partner-Logo_Shop-1-1583x2048.png 1583w, https:\/\/www.tierarztpraxis-todte.de\/wp-content\/uploads\/2025\/02\/Hills-Partner-Logo_Shop-1-960x1242.png 960w\" sizes=\"(max-width: 791px) 100vw, 791px\" \/><\/a><\/figure><\/div><\/div>\n<\/div>\n","protected":false},"excerpt":{"rendered":"<p>Die Gesundheit und das Wohlbefinden Ihres Tieres stehen bei uns an erster Stelle. Unser junges, engagiertes Team bietet Ihnen Tiermedizin auf dem neusten Stand der Wissenschaft in den Bereichen Diagnostik, Vorsorge, Beratung, Zahnbehandlung und Tierphysiotherapie. Gerne k\u00f6nnen Sie unsere Parkpl\u00e4tze gegen\u00fcber der Praxis nutzen.<\/p>\n","protected":false},"author":2,"featured_media":22,"parent":0,"menu_order":0,"comment_status":"closed","ping_status":"closed","template":"","meta":{"footnotes":""},"_links":{"self":[{"href":"https:\/\/www.tierarztpraxis-todte.de\/index.php\/wp-json\/wp\/v2\/pages\/13"}],"collection":[{"href":"https:\/\/www.tierarztpraxis-todte.de\/index.php\/wp-json\/wp\/v2\/pages"}],"about":[{"href":"https:\/\/www.tierarztpraxis-todte.de\/index.php\/wp-json\/wp\/v2\/types\/page"}],"author":[{"embeddable":true,"href":"https:\/\/www.tierarztpraxis-todte.de\/index.php\/wp-json\/wp\/v2\/users\/2"}],"replies":[{"embeddable":true,"href":"https:\/\/www.tierarztpraxis-todte.de\/index.php\/wp-json\/wp\/v2\/comments?post=13"}],"version-history":[{"count":68,"href":"https:\/\/www.tierarztpraxis-todte.de\/index.php\/wp-json\/wp\/v2\/pages\/13\/revisions"}],"predecessor-version":[{"id":413,"href":"https:\/\/www.tierarztpraxis-todte.de\/index.php\/wp-json\/wp\/v2\/pages\/13\/revisions\/413"}],"wp:featuredmedia":[{"embeddable":true,"href":"https:\/\/www.tierarztpraxis-todte.de\/index.php\/wp-json\/wp\/v2\/media\/22"}],"wp:attachment":[{"href":"https:\/\/www.tierarztpraxis-todte.de\/index.php\/wp-json\/wp\/v2\/media?parent=13"}],"curies":[{"name":"wp","href":"https:\/\/api.w.org\/{rel}","templated":true}]}}