{"id":131,"date":"2017-02-16T12:46:43","date_gmt":"2017-02-16T11:46:43","guid":{"rendered":"https:\/\/gallicare.de\/tap2\/tap2\/?page_id=131"},"modified":"2021-05-21T21:50:27","modified_gmt":"2021-05-21T19:50:27","slug":"vorsorge-beratung","status":"publish","type":"page","link":"https:\/\/www.tierarztpraxis-todte.de\/index.php\/vorsorge-beratung\/","title":{"rendered":"Vorsorge \/ Beratung"},"content":{"rendered":"<p><strong>\"Vorsorge ist besser, als die beste Therapie!\"<br \/><\/strong>Wir bieten wir f\u00fcr Ihr Tier dem Alter entsprechend Vorsorge- und Fr\u00fcherkennungsprogramme an.<br \/>Zu g\u00fcnstigen Pauschalpreisen und auf Wunsch, inklusive Erinnerungsservice.<\/p>\n<p><strong>Impfungen \u2013 Schutz gegen schwere Erkrankungen<br \/><\/strong>Lassen Sie Ihr Tier regelm\u00e4\u00dfig impfen und sch\u00fctzen es vor bekannten teilweise t\u00f6dlichen Krankheitserregern. Hierbei wird ihrem Tier ein Erreger in abget\u00f6teter oder abgeschw\u00e4chter Form injiziert. Ihr Tier muss zur Impfung gesund sein, um spezifische Antik\u00f6rper bilden zu k\u00f6nnen.<br \/><br \/><\/p>\n\n\t\t<style>\n\t\t\t#tab_container_151 \n{\n\twidth:100%;\n\tmargin-bottom:30px;\n}\n\n#tab_container_151 .tab-content\n{\n\tpadding:10px;\n\tmargin-top: 0px;\n\tbackground-color: transparent !important;\n\tcolor: #5b5b5b !important;\n\tfont-size:15px !important;\n\tfont-family: Georgia !important;\n\toverflow:hidden !important;\n\tborder: 0px !important;\n\t\n}\n#tab_container_151 .tab-content .tab-pane\n{\n\tcolor: #5b5b5b !important;\n\tfont-size:15px !important;\n\tfont-family: Georgia !important;\n\tline-height:1.4 !important;\n}\n\n#tab_container_151 .wpsm_nav-tabs \n{\n \t\tborder-bottom: 1px solid #ddd !important; \n\t}\n#tab_container_151 .wpsm_nav-tabs > li > a\n{\n\toutline:none !important;\n}\n#tab_container_151 .wpsm_nav-tabs > li.active > a, #tab_container_151 .wpsm_nav-tabs > li.active > a:hover, #tab_container_151 .wpsm_nav-tabs > li.active > a:focus {\n\tcolor: #939393 !important;\n\tcursor: default;\n\tbackground-color: transparent !important;\n\tborder-bottom: 0px !important;\n\t\t\tborder-top: 3px solid #ed7102 !important;\n\t\t}\n\n#tab_container_151 .wpsm_nav-tabs > li > a {\n    margin: 0px !important; \n    line-height: 1.42857143 !important;\n\t\t\tborder: 1px solid #ccc !important;\n\t\t    border-radius: 0px 0px 0 0 !important; \n\tbackground-color: #e0e0e0 !important;\n\tcolor: #7c7c7c !important;\n\tpadding: 12px 22px 12px 22px !important;\n\tfont-weight: normal;\n\ttransition: all 0.3s ease-in 0s;\n\ttext-decoration: none !important;\n\tfont-size: 16px !important;\n\ttext-align:center !important;\n\t\n\tfont-family: Georgia !important;\n}\n\n\n#tab_container_151 .wpsm_nav-tabs > li > a:before {\n\tdisplay:none !important;\n}\n#tab_container_151 .wpsm_nav-tabs > li > a:after {\n\tdisplay:none !important ;\n}\n#tab_container_151 .wpsm_nav-tabs > li{\npadding:0px !important ;\nmargin:0px;\n}\n\n\n#tab_container_151 .wpsm_nav-tabs > li > a .fa{\n\nmargin-right:5px !important;\n\nmargin-left:5px !important;\n\n\n}\n\n\n#tab_container_151 .wpsm_nav-tabs > li {\n    float: left;\n    margin-bottom: -1px !important;\n\tmargin-right:0px !important; \n}\n\n\n\n@media (min-width: 769px) {\n\n\t#tab_container_151 .wpsm_nav-tabs > li{\n\tfloat:left !important ;\n\t\tmargin-right:-1px !important;\n\t\t\t}\n\t#tab_container_151 .wpsm_nav-tabs{\n\tfloat:none !important;\n\tmargin:0px !important;\n\t}\n\n\t\n\t\n\n}\n\n\n\n.wpsm_nav-tabs li:before{\ndisplay:none !important;\n}\n\n@media (max-width: 768px) {\n\t\n\t.wpsm_nav-tabs{\n\t\tmargin-left:0px !important;\n\t\tmargin-right:0px !important; \n\t\t\n\t}\n\t}\n\n\t\t\t#tab_container_151 .wpsm_nav-tabs li.active a,\n\t\t#tab_container_151 .wpsm_nav-tabs li.active a:focus,\n\t\t#tab_container_151 .wpsm_nav-tabs li.active a:hover{\n\t\tborder-top: 3px solid #00b0ad;\n\t\tborder-right: 1px solid #d3d3d3;\n\t\t-webkit-transform: scaleY(1.2) translateY(-5px);\n\t\t-ms-transform: scaleY(1.2) translateY(-5px);\n\t\ttransform: scaleY(1.2) translateY(-5px);\n\t\tcolor: #444;\n\t\tpadding: 18px 12px;\n\t\tborder-bottom:0px !important;\n\t\tbox-shadow:none;\n\t\t}\n\t\t\t\n\t\n\t\t\t#tab_container_151 .wpsm_nav-tabs a{\n\t\t\tbackground-image: url('');\n\t\t\tbackground-position: 0 0;\n\t\t\tbackground-repeat: repeat-x;\n\t\t}\n\t\t\t\n\t\t<\/style>\n\t\t<div id=\"tab_container_151\" class=\"tab\" role=\"tabpanel\">\n\t\t\t<!-- Nav tabs -->\n\t\t\t<ul class=\"wpsm_nav wpsm_nav-tabs\" role=\"tablist\" id=\"myTab_151\">\n\t\t\t\t\n\t\t\t\t\t<li role=\"presentation\"  class=\"active\" >\n\t\t\t\t\t\t<a href=\"#tabs_desc_151_1\" aria-controls=\"tabs_desc_151_1\" role=\"tab\" data-toggle=\"tab\">\n\t\t\t\t\t\t\tHund\t\t\t\t\t\t<\/a>\n\t\t\t\t\t<\/li>\n\t\t\t\t\n\t\t\t\t\t\t\n\t\t\t\t\t<li role=\"presentation\" >\n\t\t\t\t\t\t<a href=\"#tabs_desc_151_2\" aria-controls=\"tabs_desc_151_2\" role=\"tab\" data-toggle=\"tab\">\n\t\t\t\t\t\t\tKatze\t\t\t\t\t\t<\/a>\n\t\t\t\t\t<\/li>\n\t\t\t\t\n\t\t\t\t\t\t\n\t\t\t\t\t<li role=\"presentation\" >\n\t\t\t\t\t\t<a href=\"#tabs_desc_151_3\" aria-controls=\"tabs_desc_151_3\" role=\"tab\" data-toggle=\"tab\">\n\t\t\t\t\t\t\tKaninchen\t\t\t\t\t\t<\/a>\n\t\t\t\t\t<\/li>\n\t\t\t\t\n\t\t\t\t\t\t\n\t\t\t\t\t<li role=\"presentation\" >\n\t\t\t\t\t\t<a href=\"#tabs_desc_151_4\" aria-controls=\"tabs_desc_151_4\" role=\"tab\" data-toggle=\"tab\">\n\t\t\t\t\t\t\tFrettchen\t\t\t\t\t\t<\/a>\n\t\t\t\t\t<\/li>\n\t\t\t\t\n\t\t\t\t\t\t\t\t<\/ul>\t\n\t\t\t<div class=\"tab-content\" id=\"tab-content_151\">\n\t\t\t\t\t\t\t\t\t<div role=\"tabpanel\" class=\"tab-pane  in active \" id=\"tabs_desc_151_1\">\n\t\t\t\t\t\t<h3>Grundimmunisierung<\/h3>\r\nAls Grundimmunisierung von Welpen gelten alle Impfungen in den ersten beiden Lebensjahren. Diese Impfungen in bestimmten zeitlichen Abst\u00e4nden sind enorm wichtig um einen sicheren Schutz vor Ansteckung zu gew\u00e4hrleisten.\r\n<h4>Impfschema:<\/h4>\r\n8. Lebenswoche: Hepatitis, Leptospirose, Parvovirose, Staupe,Parainfluenza\r\n\r\n12. Lebenswoche: Hepatitis, Leptospirose, Parvovirose, Staupe,Parainfluenza, Tollwut\r\n\r\n16. Lebenswoche: Hepatitis, Leptospirose, Parvovirose, Staupe,Parainfluenza, Tollwut\r\n1. Lebensjahr: Hepatitis, Leptospirose, Parvovirose, Staupe,Parainfluenza, Tollwut\r\n<h3>Wiederholungsimpfungen<\/h3>\r\nWiederholungsimpfungen sind alle Impfungen, die nach abgeschlossener Grundimmunisierung erfolgen. Nur eine <strong>j\u00e4hrliche Auffrischungsimpfung <\/strong>kann einen sicheren Impfschutz gew\u00e4hrleisten! Bei Tollwut reicht eine Auffrischungsimpfung alle 3 Jahre.\r\n<h3>Entwurmung<\/h3>\r\nWann sollte entwurmt werden? Generell gilt:\r\n<ul>\r\n \t<li>vor jeder Impfung (ca. 1-2 Wochen vorher), um sicherzustellen, dass das Immunsystem ungest\u00f6rt die Impfung verarbeiten kann<\/li>\r\n \t<li>bei Wurmbefall, dann mindestens zweimal im Abstand von 10 Tagen<\/li>\r\n \t<li>bei Flohbefall, da diese z. B. Bandw\u00fcrmer \u00fcbertragen<\/li>\r\n \t<li>vor und w\u00e4hrend der Tr\u00e4chtigkeit, die Welpen ab 2. Lebenswoche alle 14 Tage bis zum Absetzen, da eine Infektion \u00fcber die Geb\u00e4rmutter als auch die Milch erfolgt<\/li>\r\n<\/ul>\r\nDa eine Wurmkur nur eine begrenzte Zeit (24-72 Stunden) wirkt und sich ein Hund theoretisch danach sofort wieder infizieren kann, sollte regelm\u00e4\u00dfig entwurmt werden, auch wenn keine W\u00fcrmer im Kot zu sehen sind. Sie sollte mindestens 4x im Jahr erfolgen. Bei Tieren die unbeaufsichtigt Freilauf  haben oder intensiven Kontakt zu vielen Hunden bzw. Katzen haben oder regelm\u00e4ssig Kot oder M\u00e4use fressen oder Jagdhunden oder Therapiehunden sollte eine Wurmkur viel h\u00e4ufiger erfolgen, teilweise sogar alle 4 Wochen.\r\n\r\nEine \u00dcbertragung auf den Menschen, besonders auf immunsupprimierte Personen und Kinder ist m\u00f6glich, eine strikte Hygiene ist daher f\u00fcr alle Hundehalter wichtig, um eine Ansteckung und damit Ausbreitung zu verhindern. Das Aufsammeln von Hundekot steht hier an erster Stelle.\r\n\r\nBedenken hinsichtlich von Wirksamkeit und Nebenwirkungen einer Wurmkur sind eher unbegr\u00fcndet. Es kann im Zuge einer Wurmkur zu Durchfall und Erbrechen kommen, muss aber nicht. Die Sch\u00e4den und Symptome, die durch W\u00fcrmer verursacht werden, sind in jedem Fall deutlich gef\u00e4hrlicher. Die meisten Pr\u00e4parate wirken sehr gut. Ein Wechsel des Pr\u00e4parates kann einer eventuellen Resistenzentwicklung der Parasiten vorbeugen.\r\n\r\nVor einer Wurmkur kann eine Sammelkotprobe von 3 Tagen gegen eine Geb\u00fchr zur Untersuchung vorbeigebracht werden. Sollte diese frei von Parasiten sein, muss nicht unbedingt entwurmt werden. Bedenken Sie jedoch, dass auch diese Untersuchung regelm\u00e4\u00dfig stattfinden sollte.\r\n\r\nWenn Sie unsicher sind, wie oft Ihr Hund entwurmt werden sollte, fragen Sie einfach in unserer Praxis nach. Weitere Informationen erhalten Sie auch auf folgender Internetseite:<a href=\"https:\/\/www.esccarp.de\" target=\"_blank\" rel=\"noopener\"> www.esccap.de<\/a>\r\n\r\n{slider Reisebestimmungen}\r\n<h3>Reisen mit dem Hund\/Einreisebestimmungen<\/h3>\r\nAktuelle Hinweise erhalten Sie in der Praxis bzw. auf den Websites s\u00e4mtlicher Impstoffhersteller wie Virbac, Merial,...\r\n\r\nF\u00fcr die meisten EU-L\u00e4nder reichen eine g\u00fcltige Tollwut-Impfung, eine Kennzeichnung des Tieres mittels Transponder und der blaue EU-Heimtierausweis.\r\n\r\nIn bestimmten L\u00e4ndern wird deutlich mehr gefordert, teilweise m\u00fcssen Sie bereits mindestens ein halbes Jahr im voraus mit den Vorbereitungen beginnen:\r\nNeben allgemeinen Vorschriften wie Maulkorb, Leine oder Einfuhrverbot bestimmter Rassen kann in einigen L\u00e4ndern eine Quarant\u00e4ne des Hundes vorgeschrieben sein.\r\n\r\nEine Wurmkur mit speziellem Wirkstoff kann vor und w\u00e4hrend der Reise erforderlich sein und muss dann von einem Tierarzt im Ausweis eingetragen werden.\r\n\r\nhttps:\/\/www.petsontour.de\/\r\n\r\n \t\t\t\t\t<\/div>\n\t\t\t\t\t\t\t\t\t\t<div role=\"tabpanel\" class=\"tab-pane \" id=\"tabs_desc_151_2\">\n\t\t\t\t\t\tKatzen werden abh\u00e4ngig von ihrer Haltungsform geimpft. Generell sollte gegen Katzenseuche und Katzenschnupfen geimpft werden. Bei Freig\u00e4ngern ist zus\u00e4tzlich gegen Tollwut zu impfen. Die Leukoseimpfung ist bei Freig\u00e4ngern und Tieren in einer gro\u00dfen wechselnden Gruppe (Tierheime) sinnvoll.\r\n<h4><\/h4>\r\nWichtig ist, dass mehrmals in speziellen Abst\u00e4nden geimpft werden muss, damit ein sicherer Schutz aufgebaut wird. Nach der Grundimmunisierung wird der Impfabstand individuell auf Das Tier angepasst. H\u00e4ufig ist eine Impfpfung in Abstand von 2 Jahren ausreichend.\r\n<h4>Impfschema:<\/h4>\r\n     8. Lebenswoche: Katzenschnupfen, Katzenseuche\r\n<br>\r\n12. Lebenswoche: Katzenschnupfen, Katzenseuche, Tollwut<br>\r\n\r\n16. Lebenswoche: Katzenschnupfen, Katzenseuche, Tollwut<br>\r\n     1. Lebensjahr: Katzenschnupfen, Katzenseuche, Tollwut<br>\t\t\t\t\t<\/div>\n\t\t\t\t\t\t\t\t\t\t<div role=\"tabpanel\" class=\"tab-pane \" id=\"tabs_desc_151_3\">\n\t\t\t\t\t\tF\u00fcr die Kaninchen wird die Impfung gegen Myxomatose und sowohl gegen RHD 1 und RHD 2 empfohlen. Zweimal im Jahr- im Fr\u00fchjahr und im Herbst- impfen wir Ihre Tiere gegen alle beiden Erkrankungen, da in Sachsen-Anhalt diese Erkrankungen leider pr\u00e4sent sind.\r\n<ul>\r\n \t<li>Myxomatose<\/li>\r\n \t<li>RHD1<\/li>\r\n        <li>RHD2<\/li>\r\n<\/ul>\t\t\t\t\t<\/div>\n\t\t\t\t\t\t\t\t\t\t<div role=\"tabpanel\" class=\"tab-pane \" id=\"tabs_desc_151_4\">\n\t\t\t\t\t\tFrettchen k\u00f6nnen durch Impfungen vor Staupe und Tollwut gesch\u00fctzt werden. F\u00fcr weiter Informationen sprechen Sie uns bitte an.\t\t\t\t\t<\/div>\n\t\t\t\t\t\t\t\t\n\t\t\t<\/div>\n\t\t<\/div>\n\t\t<script>\n\t\t\tjQuery(function () \n\t\t\t{\n\t\t\t\tjQuery('#myTab_151 a:first').tab('show')\n\t\t\t});\n\t\t\t\t\t\n\t\t\t\t\t\t\tjQuery(function(){\n\t\t\t\t\tvar b=\"fadeIn\";\n\t\t\t\t\tvar c;\n\t\t\t\t\tvar a;\n\t\t\t\t\td(jQuery(\"#myTab_151 a\"),jQuery(\"#tab-content_151\"));function d(e,f,g){\n\t\t\t\t\t\te.click(function(i){\n\t\t\t\t\t\t\ti.preventDefault();\n\t\t\t\t\t\t\tjQuery(this).tab(\"show\");\n\t\t\t\t\t\t\tvar h=jQuery(this).data(\"easein\");\n\t\t\t\t\t\t\tif(c){c.removeClass(a);}\n\t\t\t\t\t\t\tif(h){f.find(\"div.active\").addClass(\"animated \"+h);a=h;}\n\t\t\t\t\t\t\telse{if(g){f.find(\"div.active\").addClass(\"animated \"+g);a=g;}else{f.find(\"div.active\").addClass(\"animated \"+b);a=b;}}c=f.find(\"div.active\");\n\t\t\t\t\t\t});\n\t\t\t\t\t}\n\t\t\t\t});\n\t\t\t\t\t\t<\/script>\n\t\t\n","protected":false},"excerpt":{"rendered":"<p>\"Vorsorge ist besser, als die beste Therapie!\"Wir bieten wir f\u00fcr Ihr Tier dem Alter entsprechend Vorsorge- und Fr\u00fcherkennungsprogramme an.Zu g\u00fcnstigen Pauschalpreisen und auf Wunsch, inklusive Erinnerungsservice. Impfungen \u2013 Schutz gegen schwere ErkrankungenLassen Sie Ihr Tier regelm\u00e4\u00dfig impfen und sch\u00fctzen es vor bekannten teilweise t\u00f6dlichen Krankheitserregern. Hierbei wird ihrem Tier ein Erreger in abget\u00f6teter oder abgeschw\u00e4chter <a href=\"https:\/\/www.tierarztpraxis-todte.de\/?p=151\" class=\"more-link\">...weiterlesen<span class=\"screen-reader-text\"> \"Impfungen\"<\/span><\/a><\/p>\n","protected":false},"author":2,"featured_media":0,"parent":0,"menu_order":0,"comment_status":"closed","ping_status":"closed","template":"page-templates\/full-width.php","meta":{"footnotes":""},"_links":{"self":[{"href":"https:\/\/www.tierarztpraxis-todte.de\/index.php\/wp-json\/wp\/v2\/pages\/131"}],"collection":[{"href":"https:\/\/www.tierarztpraxis-todte.de\/index.php\/wp-json\/wp\/v2\/pages"}],"about":[{"href":"https:\/\/www.tierarztpraxis-todte.de\/index.php\/wp-json\/wp\/v2\/types\/page"}],"author":[{"embeddable":true,"href":"https:\/\/www.tierarztpraxis-todte.de\/index.php\/wp-json\/wp\/v2\/users\/2"}],"replies":[{"embeddable":true,"href":"https:\/\/www.tierarztpraxis-todte.de\/index.php\/wp-json\/wp\/v2\/comments?post=131"}],"version-history":[{"count":7,"href":"https:\/\/www.tierarztpraxis-todte.de\/index.php\/wp-json\/wp\/v2\/pages\/131\/revisions"}],"predecessor-version":[{"id":241,"href":"https:\/\/www.tierarztpraxis-todte.de\/index.php\/wp-json\/wp\/v2\/pages\/131\/revisions\/241"}],"wp:attachment":[{"href":"https:\/\/www.tierarztpraxis-todte.de\/index.php\/wp-json\/wp\/v2\/media?parent=131"}],"curies":[{"name":"wp","href":"https:\/\/api.w.org\/{rel}","templated":true}]}}