{"id":145,"date":"2017-02-17T14:36:00","date_gmt":"2017-02-17T13:36:00","guid":{"rendered":"https:\/\/gallicare.de\/tap2\/tap2\/?page_id=145"},"modified":"2025-04-15T14:19:45","modified_gmt":"2025-04-15T12:19:45","slug":"wissenswertes","status":"publish","type":"page","link":"https:\/\/www.tierarztpraxis-todte.de\/index.php\/wissenswertes\/","title":{"rendered":"Wissenswertes"},"content":{"rendered":"\n<p>F\u00fcr die Halter von Rassegefl\u00fcgel bieten wir die M\u00f6glichkeit der Marek Impfung ab Februar 2025 wieder an. Diese findet Montags um 15 Uhr statt. Bitte melden Sie sich vorab telefonisch oder per E-mail an. <\/p>\n\n\n\n<p>Telefon: 03496\u00a0 219251<br>E-mail: <a href=\"mailto: tap.todte@t-online.de\">tap.todte@t-online.de<\/a><\/p>\n","protected":false},"excerpt":{"rendered":"<p>F\u00fcr die Halter von Rassegefl\u00fcgel bieten wir die M\u00f6glichkeit der Marek Impfung ab Februar 2025 wieder an. Diese findet Montags um 15 Uhr statt. Bitte melden Sie sich vorab telefonisch oder per E-mail an. Telefon: 03496\u00a0 219251E-mail: tap.todte@t-online.de<\/p>\n","protected":false},"author":2,"featured_media":0,"parent":0,"menu_order":0,"comment_status":"closed","ping_status":"closed","template":"page-templates\/full-width.php","meta":{"footnotes":""},"_links":{"self":[{"href":"https:\/\/www.tierarztpraxis-todte.de\/index.php\/wp-json\/wp\/v2\/pages\/145"}],"collection":[{"href":"https:\/\/www.tierarztpraxis-todte.de\/index.php\/wp-json\/wp\/v2\/pages"}],"about":[{"href":"https:\/\/www.tierarztpraxis-todte.de\/index.php\/wp-json\/wp\/v2\/types\/page"}],"author":[{"embeddable":true,"href":"https:\/\/www.tierarztpraxis-todte.de\/index.php\/wp-json\/wp\/v2\/users\/2"}],"replies":[{"embeddable":true,"href":"https:\/\/www.tierarztpraxis-todte.de\/index.php\/wp-json\/wp\/v2\/comments?post=145"}],"version-history":[{"count":6,"href":"https:\/\/www.tierarztpraxis-todte.de\/index.php\/wp-json\/wp\/v2\/pages\/145\/revisions"}],"predecessor-version":[{"id":417,"href":"https:\/\/www.tierarztpraxis-todte.de\/index.php\/wp-json\/wp\/v2\/pages\/145\/revisions\/417"}],"wp:attachment":[{"href":"https:\/\/www.tierarztpraxis-todte.de\/index.php\/wp-json\/wp\/v2\/media?parent=145"}],"curies":[{"name":"wp","href":"https:\/\/api.w.org\/{rel}","templated":true}]}}