{"id":90,"date":"2017-02-15T14:22:40","date_gmt":"2017-02-15T13:22:40","guid":{"rendered":"https:\/\/gallicare.de\/tap2\/tap2\/?page_id=90"},"modified":"2025-04-15T14:16:55","modified_gmt":"2025-04-15T12:16:55","slug":"impressum","status":"publish","type":"page","link":"https:\/\/www.tierarztpraxis-todte.de\/index.php\/impressum\/","title":{"rendered":"Impressum"},"content":{"rendered":"<p><strong>Tierarztpraxis Dr. med. vet. Angelika Todte<\/strong><br \/>\nLeopoldstra\u00dfe 116<br \/>\nD-06366 K\u00f6then (Anhalt)<\/p>\n<p>Telefon: <span class=\"telephone\">03496 \/219251<\/span>\u200e<br \/>\nFax:\u00a0\u00a0\u00a0\u00a0\u00a0 <span class=\"telephone\">03496 \/ 219275<br \/>\n<\/span>E-Mail: tap.todte@t-online.de<\/p>\n<p>Gesch\u00e4ftsf\u00fchrerin und verantwortlich f\u00fcr den Inhalt:<br \/>\nDr. med. vet. Angelika Todte<\/p>\n<p>Registergericht: Amtsgericht K\u00f6then<br \/>\nUmsatzsteuer-Identifikationsnummer gem. \u00a7 27a UStG: DE 260681144<\/p>\n<p>Bildquellennachweis: <a href=\"https:\/\/www.pixabay.de\">pixabay<br \/>\n<\/a>WP-Theme: <a href=\"https:\/\/mtomas.com\/1\/tiny-forge-free-mobile-first-wordpress-theme\">Tiny Framework<\/a><\/p>\n","protected":false},"excerpt":{"rendered":"<p>Tierarztpraxis Dr. med. vet. Angelika Todte Leopoldstra\u00dfe 116 D-06366 K\u00f6then (Anhalt) Telefon: 03496 \/219251\u200e Fax:\u00a0\u00a0\u00a0\u00a0\u00a0 03496 \/ 219275 E-Mail: tap.todte@t-online.de Gesch\u00e4ftsf\u00fchrerin und verantwortlich f\u00fcr den Inhalt: Dr. med. vet. Angelika Todte Registergericht: Amtsgericht K\u00f6then Umsatzsteuer-Identifikationsnummer gem. \u00a7 27a UStG: DE 260681144 Bildquellennachweis: pixabay WP-Theme: Tiny Framework<\/p>\n","protected":false},"author":2,"featured_media":0,"parent":0,"menu_order":0,"comment_status":"closed","ping_status":"closed","template":"page-templates\/full-width.php","meta":{"footnotes":""},"_links":{"self":[{"href":"https:\/\/www.tierarztpraxis-todte.de\/index.php\/wp-json\/wp\/v2\/pages\/90"}],"collection":[{"href":"https:\/\/www.tierarztpraxis-todte.de\/index.php\/wp-json\/wp\/v2\/pages"}],"about":[{"href":"https:\/\/www.tierarztpraxis-todte.de\/index.php\/wp-json\/wp\/v2\/types\/page"}],"author":[{"embeddable":true,"href":"https:\/\/www.tierarztpraxis-todte.de\/index.php\/wp-json\/wp\/v2\/users\/2"}],"replies":[{"embeddable":true,"href":"https:\/\/www.tierarztpraxis-todte.de\/index.php\/wp-json\/wp\/v2\/comments?post=90"}],"version-history":[{"count":7,"href":"https:\/\/www.tierarztpraxis-todte.de\/index.php\/wp-json\/wp\/v2\/pages\/90\/revisions"}],"predecessor-version":[{"id":415,"href":"https:\/\/www.tierarztpraxis-todte.de\/index.php\/wp-json\/wp\/v2\/pages\/90\/revisions\/415"}],"wp:attachment":[{"href":"https:\/\/www.tierarztpraxis-todte.de\/index.php\/wp-json\/wp\/v2\/media?parent=90"}],"curies":[{"name":"wp","href":"https:\/\/api.w.org\/{rel}","templated":true}]}}